{"id":594,"date":"2017-05-01T19:34:29","date_gmt":"2017-05-01T19:34:29","guid":{"rendered":"http:\/\/holzspan.ch\/?page_id=594"},"modified":"2018-09-27T18:52:17","modified_gmt":"2018-09-27T18:52:17","slug":"ich","status":"publish","type":"page","link":"https:\/\/holzspan.ch\/?page_id=594","title":{"rendered":"Ich"},"content":{"rendered":"<h1><strong>Neugierig wer ich bin?<\/strong><\/h1>\n<p>Sch\u00f6n euch auf meiner kleinen Homepage begr\u00fcssen zu k\u00f6nnen. Hier kann ich euch einen Teil meiner Arbeiten zeigen. Nach einer kurzen aber\u00a0intensiven Zeit im Arbeitsleben als kaufm\u00e4nnische Angestellte, habe ich mich schon bald dem Familienleben zugewandt. Es war sehr abwechslungsreich und erlaubte mir nebenbei,\u00a0kleineren\u00a0Arbeitspensen und verschiedenen Hobbys nach zu gehen. Als Hobby war es\u00a0vor allem\u00a0der Sport, G\u00e4ste mit kleinen K\u00f6stlichkeiten verw\u00f6hnen oder Handarbeiten anfertigen, um sie dann an Weihnachtsm\u00e4rkten zu verkaufen. Nun sind die Kinder erwachsen und mir bleibt Zeit, ein f\u00fcr mich unm\u00f6glich geglaubtes Handwerk, das Drechseln an Kursen <strong>http:\/\/www.drechselkurse.ch<\/strong>\u00a0, zu erlernen. Dies geschieht vor allem in den Wintermonaten.<\/p>\n<p>Die restliche Zeit verbringe ich sehr gerne an der N\u00e4h- und Stickmaschine. So entstehen\u00a0 Kleidungst\u00fccke oder Gebrauchsgegenst\u00e4nde. \u00a0Es gelingt auch, Drechseln und Sticken miteinander zu kombinieren. Der Kreativit\u00e4t sind keine Grenzen gesetzt.<\/p>\n<p>Selbstverst\u00e4ndlich k\u00f6nnen meine Arbeiten auch k\u00e4uflich erworben werden.\u00a0\u00a0 F\u00fcr eine Anfrage w\u00e4hlt bitte den Weg per Email an :<\/p>\n<h2><span style=\"color: #0000ff;\"><em><strong>jeannette@holzspan.ch<\/strong><\/em><\/span><\/h2>\n<p>&nbsp;<\/p>\n<p>Ich hoffe meine Arbeiten gefallen euch.\u00a0\u00a0\u00a0\u00a0\u00a0\u00a0\u00a0\u00a0\u00a0\u00a0\u00a0\u00a0\u00a0\u00a0\u00a0\u00a0\u00a0\u00a0\u00a0\u00a0\u00a0\u00a0\u00a0\u00a0\u00a0\u00a0\u00a0\u00a0\u00a0\u00a0\u00a0\u00a0\u00a0\u00a0\u00a0\u00a0\u00a0\u00a0\u00a0\u00a0\u00a0\u00a0\u00a0\u00a0\u00a0\u00a0\u00a0\u00a0\u00a0\u00a0\u00a0\u00a0\u00a0\u00a0\u00a0\u00a0\u00a0\u00a0\u00a0\u00a0\u00a0\u00a0\u00a0\u00a0\u00a0\u00a0\u00a0\u00a0\u00a0\u00a0\u00a0\u00a0\u00a0\u00a0\u00a0 \u00a0\u00a0 Es gr\u00fcsst Jeannette Kappler<\/p>\n","protected":false},"excerpt":{"rendered":"<p>Neugierig wer ich bin? Sch\u00f6n euch auf meiner kleinen Homepage begr\u00fcssen zu k\u00f6nnen. Hier kann ich euch einen Teil meiner Arbeiten zeigen. Nach einer kurzen aber\u00a0intensiven Zeit im Arbeitsleben als kaufm\u00e4nnische Angestellte, habe ich mich schon bald dem Familienleben zugewandt. Es war sehr abwechslungsreich und erlaubte mir nebenbei,\u00a0kleineren\u00a0Arbeitspensen und verschiedenen Hobbys nach zu gehen. Als &hellip; <\/p>\n<p class=\"link-more\"><a href=\"https:\/\/holzspan.ch\/?page_id=594\" class=\"more-link\"><span class=\"screen-reader-text\">\u201eIch\u201c<\/span> weiterlesen<\/a><\/p>\n","protected":false},"author":1,"featured_media":0,"parent":0,"menu_order":1,"comment_status":"closed","ping_status":"closed","template":"","meta":[],"_links":{"self":[{"href":"https:\/\/holzspan.ch\/index.php?rest_route=\/wp\/v2\/pages\/594"}],"collection":[{"href":"https:\/\/holzspan.ch\/index.php?rest_route=\/wp\/v2\/pages"}],"about":[{"href":"https:\/\/holzspan.ch\/index.php?rest_route=\/wp\/v2\/types\/page"}],"author":[{"embeddable":true,"href":"https:\/\/holzspan.ch\/index.php?rest_route=\/wp\/v2\/users\/1"}],"replies":[{"embeddable":true,"href":"https:\/\/holzspan.ch\/index.php?rest_route=%2Fwp%2Fv2%2Fcomments&post=594"}],"version-history":[{"count":10,"href":"https:\/\/holzspan.ch\/index.php?rest_route=\/wp\/v2\/pages\/594\/revisions"}],"predecessor-version":[{"id":941,"href":"https:\/\/holzspan.ch\/index.php?rest_route=\/wp\/v2\/pages\/594\/revisions\/941"}],"wp:attachment":[{"href":"https:\/\/holzspan.ch\/index.php?rest_route=%2Fwp%2Fv2%2Fmedia&parent=594"}],"curies":[{"name":"wp","href":"https:\/\/api.w.org\/{rel}","templated":true}]}}